{"id":120,"date":"2023-09-07T09:23:51","date_gmt":"2023-09-07T09:23:51","guid":{"rendered":"https:\/\/wiva-massage.ch\/?page_id=120"},"modified":"2025-11-19T10:22:10","modified_gmt":"2025-11-19T10:22:10","slug":"preis","status":"publish","type":"page","link":"https:\/\/wiva-massage.ch\/?page_id=120","title":{"rendered":"Preise"},"content":{"rendered":"\t\t<div data-elementor-type=\"wp-page\" data-elementor-id=\"120\" class=\"elementor elementor-120\">\n\t\t\t\t\t\t<section class=\"elementor-section elementor-top-section elementor-element elementor-element-64d0245 elementor-section-boxed elementor-section-height-default elementor-section-height-default\" data-id=\"64d0245\" data-element_type=\"section\">\n\t\t\t\t\t\t<div class=\"elementor-container elementor-column-gap-default\">\n\t\t\t\t\t<div class=\"elementor-column elementor-col-100 elementor-top-column elementor-element elementor-element-b719ab8\" data-id=\"b719ab8\" data-element_type=\"column\">\n\t\t\t<div class=\"elementor-widget-wrap elementor-element-populated\">\n\t\t\t\t\t\t<div class=\"elementor-element elementor-element-90a8dcf elementor-widget__width-initial elementor-widget elementor-widget-image\" data-id=\"90a8dcf\" data-element_type=\"widget\" data-widget_type=\"image.default\">\n\t\t\t\t<div class=\"elementor-widget-container\">\n\t\t\t\t\t\t\t\t\t\t\t\t\t\t\t<img fetchpriority=\"high\" decoding=\"async\" width=\"1366\" height=\"768\" src=\"https:\/\/wiva-massage.ch\/wp-content\/uploads\/2023\/09\/canva-preise-1366.png\" class=\"attachment-full size-full wp-image-1178\" alt=\"\" srcset=\"https:\/\/wiva-massage.ch\/wp-content\/uploads\/2023\/09\/canva-preise-1366.png 1366w, https:\/\/wiva-massage.ch\/wp-content\/uploads\/2023\/09\/canva-preise-1366-300x169.png 300w, https:\/\/wiva-massage.ch\/wp-content\/uploads\/2023\/09\/canva-preise-1366-1024x576.png 1024w, https:\/\/wiva-massage.ch\/wp-content\/uploads\/2023\/09\/canva-preise-1366-768x432.png 768w, https:\/\/wiva-massage.ch\/wp-content\/uploads\/2023\/09\/canva-preise-1366-107x60.png 107w\" sizes=\"(max-width: 1366px) 100vw, 1366px\" \/>\t\t\t\t\t\t\t\t\t\t\t\t\t\t\t<\/div>\n\t\t\t\t<\/div>\n\t\t\t\t<div class=\"elementor-element elementor-element-90de621 elementor-widget elementor-widget-spacer\" data-id=\"90de621\" data-element_type=\"widget\" data-widget_type=\"spacer.default\">\n\t\t\t\t<div class=\"elementor-widget-container\">\n\t\t\t\t\t\t\t<div class=\"elementor-spacer\">\n\t\t\t<div class=\"elementor-spacer-inner\"><\/div>\n\t\t<\/div>\n\t\t\t\t\t\t<\/div>\n\t\t\t\t<\/div>\n\t\t\t\t<div class=\"elementor-element elementor-element-31f9f1c elementor-widget__width-initial elementor-widget elementor-widget-text-editor\" data-id=\"31f9f1c\" data-element_type=\"widget\" data-widget_type=\"text-editor.default\">\n\t\t\t\t<div class=\"elementor-widget-container\">\n\t\t\t\t\t\t\t\t\t<h5 style=\"padding-left: 40px;\">Jeder Mensch reagiert anders auf die verschiedenen Therapieformen und das Beschwerdebild zeigt sich bei jedem Menschen verschieden.<br>Im pers\u00f6nlichen Gespr\u00e4ch finden wir die richtige Behandlung f\u00fcr Sie.<\/h5>\n<h5 style=\"text-align: left; padding-left: 40px;\"><span style=\"color: #993300;\"><strong>Ablauf des 1. Termines :<\/strong><\/span><\/h5>\n<ul>\n<li>\n<h6><strong>Ausf\u00fchrliches Anamnesegespr\u00e4ch<\/strong><\/h6>\n<\/li>\n<li>\n<h6><strong>Haltungsanalyse<\/strong><\/h6>\n<\/li>\n<li>\n<h6><strong>Therapiebesprechung<\/strong><\/h6>\n<\/li>\n<li>\n<h6><strong>Ihre individuelle Therapie<\/strong><\/h6>\n<\/li>\n<\/ul>\n<h5 style=\"padding-left: 40px;\">Je nach Massagetechnik oder in Kombination verschiedener Methoden, dauert eine therapeutische Behandlung in der Regel 60 Minuten.<\/h5>\n<h5 style=\"padding-left: 40px;\">Der Stundenansatz f\u00fcr eine Behandlung betr\u00e4gt CHF 120.00<\/h5>\t\t\t\t\t\t\t\t<\/div>\n\t\t\t\t<\/div>\n\t\t\t\t\t<\/div>\n\t\t<\/div>\n\t\t\t\t\t<\/div>\n\t\t<\/section>\n\t\t\t\t<section class=\"elementor-section elementor-top-section elementor-element elementor-element-aa501c7 elementor-section-height-full elementor-section-boxed elementor-section-height-default elementor-section-items-middle\" data-id=\"aa501c7\" data-element_type=\"section\">\n\t\t\t\t\t\t<div class=\"elementor-container elementor-column-gap-default\">\n\t\t\t\t\t<div class=\"elementor-column elementor-col-100 elementor-top-column elementor-element elementor-element-6a44a05\" data-id=\"6a44a05\" data-element_type=\"column\">\n\t\t\t<div class=\"elementor-widget-wrap elementor-element-populated\">\n\t\t\t\t\t\t<div class=\"elementor-element elementor-element-e448ef2 elementor-widget elementor-widget-text-editor\" data-id=\"e448ef2\" data-element_type=\"widget\" data-widget_type=\"text-editor.default\">\n\t\t\t\t<div class=\"elementor-widget-container\">\n\t\t\t\t\t\t\t\t\t<h4 style=\"padding-left: 40px;\"><span style=\"color: #333333;\">Krankenkasse<\/span><\/h4><h5><span style=\"color: #993300;\">Welche Kosten \u00fcbernimmt deine Krankenkasse?<\/span><\/h5><h6><span style=\"color: #333333;\">Klassische Massagen \u00a0und Fussreflexzonen Massage von WIVA &#8211; Massage sind durch die Stiftung ASCA und das Erfahrungsmedizinische Register (EMR) krankenkassenanerkannt.<\/span><\/h6><h6 style=\"text-align: left; padding-left: 40px;\"><span style=\"color: #333333;\">Meine ZSR-Nummer: J136964<\/span><\/h6><h6 style=\"text-align: left;\"><span style=\"color: #333333;\">Wenn du eine Zusatzversicherung abgeschlossen hast, sind Klassische Massagen und Fussreflexzonen Massage bei den meisten Krankenkassen abgedeckt. Die Unterschiede von Kasse zu Kasse sind jedoch gross. Ob deine Krankenkasse bzw. deine Zusatzversicherung die Behandlungskosten komplett oder teilweise \u00fcbernimmt, kl\u00e4rst du am besten im Voraus ab. So bist du auf der sicheren Seite.<\/span><\/h6><h6 style=\"text-align: left;\"><span style=\"color: #333333;\">Falls deine Krankenkassen die Behandlungen nicht abdeckt, hast du immer noch die M\u00f6glichkeit \u00fcber ein Massage-Abo von g\u00fcnstigeren Preisen zu profitieren.<\/span><\/h6><p><img decoding=\"async\" class=\" wp-image-1861 alignleft\" src=\"https:\/\/wiva-massage.ch\/wp-content\/uploads\/2023\/10\/emr-bild.png\" alt=\"\" width=\"211\" height=\"59\" \/><img decoding=\"async\" class=\" wp-image-1860 alignleft\" src=\"https:\/\/wiva-massage.ch\/wp-content\/uploads\/2023\/10\/asca-bild-300x93.png\" alt=\"\" width=\"235\" height=\"73\" srcset=\"https:\/\/wiva-massage.ch\/wp-content\/uploads\/2023\/10\/asca-bild-300x93.png 300w, https:\/\/wiva-massage.ch\/wp-content\/uploads\/2023\/10\/asca-bild-193x60.png 193w, https:\/\/wiva-massage.ch\/wp-content\/uploads\/2023\/10\/asca-bild.png 348w\" sizes=\"(max-width: 235px) 100vw, 235px\" \/><\/p>\t\t\t\t\t\t\t\t<\/div>\n\t\t\t\t<\/div>\n\t\t\t\t\t<\/div>\n\t\t<\/div>\n\t\t\t\t\t<\/div>\n\t\t<\/section>\n\t\t\t\t<section class=\"elementor-section elementor-top-section elementor-element elementor-element-25e8314 elementor-section-boxed elementor-section-height-default elementor-section-height-default\" data-id=\"25e8314\" data-element_type=\"section\">\n\t\t\t\t\t\t<div class=\"elementor-container elementor-column-gap-default\">\n\t\t\t\t\t<div class=\"elementor-column elementor-col-100 elementor-top-column elementor-element elementor-element-44e234e\" data-id=\"44e234e\" data-element_type=\"column\">\n\t\t\t<div class=\"elementor-widget-wrap elementor-element-populated\">\n\t\t\t\t\t\t<div class=\"elementor-element elementor-element-08536cd elementor-widget elementor-widget-text-editor\" data-id=\"08536cd\" data-element_type=\"widget\" data-widget_type=\"text-editor.default\">\n\t\t\t\t<div class=\"elementor-widget-container\">\n\t\t\t\t\t\t\t\t\t<h4><span style=\"color: #333333;\">Folgende Zahlungm\u00f6glichkeiten stehen zur Verf\u00fcgung:<\/span><\/h4><ul><li><strong>in der Praxis in Bar<\/strong><\/li><li><strong>per Twint<\/strong><\/li><\/ul><h5><span style=\"color: #003300;\">Sie erhalten jeweils eine ausgewiesene Quittung.<\/span><\/h5>\t\t\t\t\t\t\t\t<\/div>\n\t\t\t\t<\/div>\n\t\t\t\t\t<\/div>\n\t\t<\/div>\n\t\t\t\t\t<\/div>\n\t\t<\/section>\n\t\t\t\t<section class=\"elementor-section elementor-top-section elementor-element elementor-element-29df353 elementor-section-boxed elementor-section-height-default elementor-section-height-default\" data-id=\"29df353\" data-element_type=\"section\">\n\t\t\t\t\t\t<div class=\"elementor-container elementor-column-gap-default\">\n\t\t\t\t\t<div class=\"elementor-column elementor-col-100 elementor-top-column elementor-element elementor-element-c3e7fff\" data-id=\"c3e7fff\" data-element_type=\"column\">\n\t\t\t<div class=\"elementor-widget-wrap elementor-element-populated\">\n\t\t\t\t\t\t<div class=\"elementor-element elementor-element-53a9577 elementor-widget elementor-widget-heading\" data-id=\"53a9577\" data-element_type=\"widget\" data-widget_type=\"heading.default\">\n\t\t\t\t<div class=\"elementor-widget-container\">\n\t\t\t\t\t<h4 class=\"elementor-heading-title elementor-size-default\">Bitte beachten Sie, dass ich als diplomierte Berufsmasseurin keine schulmedizinischen Diagnosen erstellen und Arztvisiten anbieten darf.<\/h4>\t\t\t\t<\/div>\n\t\t\t\t<\/div>\n\t\t\t\t\t<\/div>\n\t\t<\/div>\n\t\t\t\t\t<\/div>\n\t\t<\/section>\n\t\t\t\t<section class=\"elementor-section elementor-top-section elementor-element elementor-element-40e4c07 elementor-section-boxed elementor-section-height-default elementor-section-height-default\" data-id=\"40e4c07\" data-element_type=\"section\">\n\t\t\t\t\t\t<div class=\"elementor-container elementor-column-gap-default\">\n\t\t\t\t\t<div class=\"elementor-column elementor-col-100 elementor-top-column elementor-element elementor-element-f0785a6\" data-id=\"f0785a6\" data-element_type=\"column\">\n\t\t\t<div class=\"elementor-widget-wrap\">\n\t\t\t\t\t\t\t<\/div>\n\t\t<\/div>\n\t\t\t\t\t<\/div>\n\t\t<\/section>\n\t\t\t\t<\/div>\n\t\t","protected":false},"excerpt":{"rendered":"<p>Jeder Mensch reagiert anders auf die verschiedenen Therapieformen und das Beschwerdebild zeigt sich bei jedem Menschen verschieden.Im pers\u00f6nlichen Gespr\u00e4ch finden wir die richtige Behandlung f\u00fcr Sie. Ablauf des 1. Termines &hellip; <\/p>\n","protected":false},"author":1,"featured_media":0,"parent":0,"menu_order":3,"comment_status":"closed","ping_status":"closed","template":"elementor_header_footer","meta":{"footnotes":""},"class_list":["post-120","page","type-page","status-publish","hentry"],"_links":{"self":[{"href":"https:\/\/wiva-massage.ch\/index.php?rest_route=\/wp\/v2\/pages\/120","targetHints":{"allow":["GET"]}}],"collection":[{"href":"https:\/\/wiva-massage.ch\/index.php?rest_route=\/wp\/v2\/pages"}],"about":[{"href":"https:\/\/wiva-massage.ch\/index.php?rest_route=\/wp\/v2\/types\/page"}],"author":[{"embeddable":true,"href":"https:\/\/wiva-massage.ch\/index.php?rest_route=\/wp\/v2\/users\/1"}],"replies":[{"embeddable":true,"href":"https:\/\/wiva-massage.ch\/index.php?rest_route=%2Fwp%2Fv2%2Fcomments&post=120"}],"version-history":[{"count":158,"href":"https:\/\/wiva-massage.ch\/index.php?rest_route=\/wp\/v2\/pages\/120\/revisions"}],"predecessor-version":[{"id":1962,"href":"https:\/\/wiva-massage.ch\/index.php?rest_route=\/wp\/v2\/pages\/120\/revisions\/1962"}],"wp:attachment":[{"href":"https:\/\/wiva-massage.ch\/index.php?rest_route=%2Fwp%2Fv2%2Fmedia&parent=120"}],"curies":[{"name":"wp","href":"https:\/\/api.w.org\/{rel}","templated":true}]}}