{"id":2,"date":"2016-05-10T03:48:21","date_gmt":"2016-05-10T03:48:21","guid":{"rendered":"http:\/\/wiva-massage.ch\/?page_id=2"},"modified":"2023-10-24T07:33:29","modified_gmt":"2023-10-24T07:33:29","slug":"sample-page","status":"publish","type":"page","link":"https:\/\/wiva-massage.ch\/","title":{"rendered":"Startseite"},"content":{"rendered":"\t\t<div data-elementor-type=\"wp-page\" data-elementor-id=\"2\" class=\"elementor elementor-2\">\n\t\t\t\t\t\t<section class=\"elementor-section elementor-top-section elementor-element elementor-element-a0e9f72 elementor-section-boxed elementor-section-height-default elementor-section-height-default\" data-id=\"a0e9f72\" data-element_type=\"section\">\n\t\t\t\t\t\t<div class=\"elementor-container elementor-column-gap-default\">\n\t\t\t\t\t<div class=\"elementor-column elementor-col-100 elementor-top-column elementor-element elementor-element-2e33d77\" data-id=\"2e33d77\" data-element_type=\"column\">\n\t\t\t<div class=\"elementor-widget-wrap elementor-element-populated\">\n\t\t\t\t\t\t<div class=\"elementor-element elementor-element-1213c8c elementor-widget__width-initial elementor-widget elementor-widget-image\" data-id=\"1213c8c\" data-element_type=\"widget\" data-widget_type=\"image.default\">\n\t\t\t\t<div class=\"elementor-widget-container\">\n\t\t\t\t\t\t\t\t\t\t\t\t\t\t\t<img fetchpriority=\"high\" decoding=\"async\" width=\"1170\" height=\"584\" src=\"https:\/\/wiva-massage.ch\/wp-content\/uploads\/2023\/09\/Wiva-Valerica-Winter.png\" class=\"attachment-blossom-spa-single size-blossom-spa-single wp-image-1551\" alt=\"\" srcset=\"https:\/\/wiva-massage.ch\/wp-content\/uploads\/2023\/09\/Wiva-Valerica-Winter.png 1170w, https:\/\/wiva-massage.ch\/wp-content\/uploads\/2023\/09\/Wiva-Valerica-Winter-300x150.png 300w, https:\/\/wiva-massage.ch\/wp-content\/uploads\/2023\/09\/Wiva-Valerica-Winter-1024x511.png 1024w, https:\/\/wiva-massage.ch\/wp-content\/uploads\/2023\/09\/Wiva-Valerica-Winter-768x383.png 768w, https:\/\/wiva-massage.ch\/wp-content\/uploads\/2023\/09\/Wiva-Valerica-Winter-120x60.png 120w\" sizes=\"(max-width: 1170px) 100vw, 1170px\" \/>\t\t\t\t\t\t\t\t\t\t\t\t\t\t\t<\/div>\n\t\t\t\t<\/div>\n\t\t\t\t<div class=\"elementor-element elementor-element-ac90d3a elementor-widget elementor-widget-text-editor\" data-id=\"ac90d3a\" data-element_type=\"widget\" data-widget_type=\"text-editor.default\">\n\t\t\t\t<div class=\"elementor-widget-container\">\n\t\t\t\t\t\t\t\t\t<p style=\"text-align: center;\">Schmerzfrei durch individuelle Therapiebehandlungen.<\/p><p style=\"text-align: center;\">G\u00f6nnen Sie sich eine wohltuende Massage nach Ihrer Wahl und f\u00fchlen Sie sich wie neugeboren.<\/p><p style=\"text-align: center;\">Eine Auszeit f\u00fcr K\u00f6rper, Geist und Seele.<\/p>\t\t\t\t\t\t\t\t<\/div>\n\t\t\t\t<\/div>\n\t\t\t\t\t<\/div>\n\t\t<\/div>\n\t\t\t\t\t<\/div>\n\t\t<\/section>\n\t\t\t\t<section class=\"elementor-section elementor-top-section elementor-element elementor-element-6cc7e9b elementor-section-boxed elementor-section-height-default elementor-section-height-default\" data-id=\"6cc7e9b\" data-element_type=\"section\">\n\t\t\t\t\t\t<div class=\"elementor-container elementor-column-gap-default\">\n\t\t\t\t\t<div class=\"elementor-column elementor-col-33 elementor-top-column elementor-element elementor-element-50f90f6\" data-id=\"50f90f6\" data-element_type=\"column\">\n\t\t\t<div class=\"elementor-widget-wrap\">\n\t\t\t\t\t\t\t<\/div>\n\t\t<\/div>\n\t\t\t\t<div class=\"elementor-column elementor-col-33 elementor-top-column elementor-element elementor-element-e6659cc\" data-id=\"e6659cc\" data-element_type=\"column\">\n\t\t\t<div class=\"elementor-widget-wrap elementor-element-populated\">\n\t\t\t\t\t\t<div class=\"elementor-element elementor-element-873184e elementor-widget elementor-widget-html\" data-id=\"873184e\" data-element_type=\"widget\" data-widget_type=\"html.default\">\n\t\t\t\t<div class=\"elementor-widget-container\">\n\t\t\t\t\t<html>\r\n<head>\r\n<TITLE>Bildwechsel mit Link<\/TITLE>\r\n\r\n<style type=\"text\/css\">\r\n\r\n\/* Klassische Massage *\/\r\n.bildwechsel1 span {\r\n    display: none;\r\n}\r\n.bildwechsel1:link, .bildwechsel1:visited {\r\n    display: block;\r\n\twidth: 400px;\r\n\theight: 60px;\r\n    background:         url(https:\/\/wiva-massage.ch\/wp-content\/uploads\/menu\/klassn.gif);\r\n}\r\n.bildwechsel1:hover, .bildwechsel1:active, .bildwechsel1:focus {\r\n    background-image:       url(https:\/\/wiva-massage.ch\/wp-content\/uploads\/menu\/klassh.gif);\r\n}\r\n\r\n\/* Fussreflexzonenmassage *\/\r\n.bildwechsel2 span {\r\n    display: none;\r\n}\r\n.bildwechsel2:link, .bildwechsel2:visited {\r\n    display: block;\r\n\twidth: 400px;\r\n\theight: 60px;\r\n    background:         url(https:\/\/wiva-massage.ch\/wp-content\/uploads\/menu\/fussn.gif);\r\n}\r\n.bildwechsel2:hover, .bildwechsel2:active, .bildwechsel2:focus {\r\n    background-image:       url(https:\/\/wiva-massage.ch\/wp-content\/uploads\/menu\/fussh.gif);\r\n}\r\n\r\n\/* Bowen-Therapie *\/\r\n.bildwechsel3 span {\r\n    display: none;\r\n}\r\n.bildwechsel3:link, .bildwechsel3:visited {\r\n    display: block;\r\n\twidth: 400px;\r\n\theight: 60px;\r\n    background:         url(https:\/\/wiva-massage.ch\/wp-content\/uploads\/menu\/bowenn.gif);\r\n}\r\n.bildwechsel3:hover, .bildwechsel3:active, bildwechsel3:focus {\r\n    background-image:       url(https:\/\/wiva-massage.ch\/wp-content\/uploads\/menu\/bowenh.gif);\r\n}\r\n\r\n\/* Dorn-Therapie *\/\r\n.bildwechsel4 span {\r\n    display: none;\r\n}\r\n.bildwechsel4:link, .bildwechsel4:visited {\r\n    display: block;\r\n\twidth: 400px;\r\n\theight: 60px;\r\n    background:         url(https:\/\/wiva-massage.ch\/wp-content\/uploads\/menu\/dorn.gif);\r\n}\r\n.bildwechsel4:hover, .bildwechsel4:active, bildwechsel4:focus {\r\n    background-image:       url(https:\/\/wiva-massage.ch\/wp-content\/uploads\/menu\/dorh.gif);\r\n}\r\n\r\n\/* Schr\u00f6pfen *\/\r\n.bildwechsel5 span {\r\n    display: none;\r\n}\r\n.bildwechsel5:link, .bildwechsel5:visited {\r\n    display: block;\r\n\twidth: 400px;\r\n\theight: 60px;\r\n    background:         url(https:\/\/wiva-massage.ch\/wp-content\/uploads\/menu\/schroen.gif);\r\n}\r\n.bildwechsel5:hover, .bildwechsel5:active, bildwechsel5:focus {\r\n    background-image:       url(https:\/\/wiva-massage.ch\/wp-content\/uploads\/menu\/schroeh.gif);\r\n}\r\n\r\n<\/style>\r\n\r\n<\/head>\r\n\r\n<body>\r\n<H2>Therapieangebote:<\/H2>\r\n\r\n<a href=\"https:\/\/wiva-massage.ch\/?page_id=409\" target=\"_self\" class=\"bildwechsel1\"><span>Klassische Massage<\/span><\/a>\r\n<a href=\"https:\/\/wiva-massage.ch\/?page_id=434\" target=\"_self\" class=\"bildwechsel2\"><span>Fussreflexzonenmassage<\/span><\/a>\r\n<a href=\"https:\/\/wiva-massage.ch\/?page_id=449\" target=\"_self\" class=\"bildwechsel3\"><span>Bowen-Therapie<\/span><\/a>\r\n<a href=\"https:\/\/wiva-massage.ch\/?page_id=464\" target=\"_self\" class=\"bildwechsel4\"><span>Dorn-Therapie<\/span><\/a>\r\n<a href=\"https:\/\/wiva-massage.ch\/?page_id=475\" target=\"_self\" class=\"bildwechsel5\"><span>Schr\u00f6pfen<\/span><\/a>\r\n\r\n<\/body>\r\n<\/html>\t\t\t\t<\/div>\n\t\t\t\t<\/div>\n\t\t\t\t\t<\/div>\n\t\t<\/div>\n\t\t\t\t<div class=\"elementor-column elementor-col-33 elementor-top-column elementor-element elementor-element-5594faf\" data-id=\"5594faf\" data-element_type=\"column\">\n\t\t\t<div class=\"elementor-widget-wrap\">\n\t\t\t\t\t\t\t<\/div>\n\t\t<\/div>\n\t\t\t\t\t<\/div>\n\t\t<\/section>\n\t\t\t\t<section class=\"elementor-section elementor-top-section elementor-element elementor-element-d4e1cfc elementor-section-boxed elementor-section-height-default elementor-section-height-default\" data-id=\"d4e1cfc\" data-element_type=\"section\">\n\t\t\t\t\t\t<div class=\"elementor-container elementor-column-gap-default\">\n\t\t\t\t\t<div class=\"elementor-column elementor-col-100 elementor-top-column elementor-element elementor-element-ae44d2e\" data-id=\"ae44d2e\" data-element_type=\"column\">\n\t\t\t<div class=\"elementor-widget-wrap elementor-element-populated\">\n\t\t\t\t\t\t<div class=\"elementor-element elementor-element-feb35a5 elementor-widget elementor-widget-text-editor\" data-id=\"feb35a5\" data-element_type=\"widget\" data-widget_type=\"text-editor.default\">\n\t\t\t\t<div class=\"elementor-widget-container\">\n\t\t\t\t\t\t\t\t\t<h4 style=\"padding-left: 40px; text-align: left;\"><span style=\"color: #808080;\">Krankenkassenanerkannt<\/span><\/h4><p><img decoding=\"async\" class=\"wp-image-1861 alignnone\" style=\"color: #808080;\" src=\"https:\/\/wiva-massage.ch\/wp-content\/uploads\/2023\/10\/emr-bild.png\" alt=\"\" width=\"172\" height=\"48\" \/><\/p><p><img decoding=\"async\" class=\"wp-image-1860 alignnone\" src=\"https:\/\/wiva-massage.ch\/wp-content\/uploads\/2023\/10\/asca-bild-300x93.png\" alt=\"\" width=\"166\" height=\"51\" srcset=\"https:\/\/wiva-massage.ch\/wp-content\/uploads\/2023\/10\/asca-bild-300x93.png 300w, https:\/\/wiva-massage.ch\/wp-content\/uploads\/2023\/10\/asca-bild-193x60.png 193w, https:\/\/wiva-massage.ch\/wp-content\/uploads\/2023\/10\/asca-bild.png 348w\" sizes=\"(max-width: 166px) 100vw, 166px\" \/><\/p>\t\t\t\t\t\t\t\t<\/div>\n\t\t\t\t<\/div>\n\t\t\t\t\t<\/div>\n\t\t<\/div>\n\t\t\t\t\t<\/div>\n\t\t<\/section>\n\t\t\t\t<section class=\"elementor-section elementor-top-section elementor-element elementor-element-12c1718 elementor-section-boxed elementor-section-height-default elementor-section-height-default\" data-id=\"12c1718\" data-element_type=\"section\">\n\t\t\t\t\t\t<div class=\"elementor-container elementor-column-gap-default\">\n\t\t\t\t\t<div class=\"elementor-column elementor-col-50 elementor-top-column elementor-element elementor-element-6389e7a\" data-id=\"6389e7a\" data-element_type=\"column\">\n\t\t\t<div class=\"elementor-widget-wrap\">\n\t\t\t\t\t\t\t<\/div>\n\t\t<\/div>\n\t\t\t\t<div class=\"elementor-column elementor-col-50 elementor-top-column elementor-element elementor-element-bacb3ed\" data-id=\"bacb3ed\" data-element_type=\"column\">\n\t\t\t<div class=\"elementor-widget-wrap\">\n\t\t\t\t\t\t\t<\/div>\n\t\t<\/div>\n\t\t\t\t\t<\/div>\n\t\t<\/section>\n\t\t\t\t<\/div>\n\t\t","protected":false},"excerpt":{"rendered":"<p>Schmerzfrei durch individuelle Therapiebehandlungen. G\u00f6nnen Sie sich eine wohltuende Massage nach Ihrer Wahl und f\u00fchlen Sie sich wie neugeboren. Eine Auszeit f\u00fcr K\u00f6rper, Geist und Seele. Bildwechsel mit Link Therapieangebote: &hellip; <\/p>\n","protected":false},"author":1,"featured_media":0,"parent":0,"menu_order":1,"comment_status":"closed","ping_status":"closed","template":"elementor_header_footer","meta":{"footnotes":""},"class_list":["post-2","page","type-page","status-publish","hentry"],"_links":{"self":[{"href":"https:\/\/wiva-massage.ch\/index.php?rest_route=\/wp\/v2\/pages\/2","targetHints":{"allow":["GET"]}}],"collection":[{"href":"https:\/\/wiva-massage.ch\/index.php?rest_route=\/wp\/v2\/pages"}],"about":[{"href":"https:\/\/wiva-massage.ch\/index.php?rest_route=\/wp\/v2\/types\/page"}],"author":[{"embeddable":true,"href":"https:\/\/wiva-massage.ch\/index.php?rest_route=\/wp\/v2\/users\/1"}],"replies":[{"embeddable":true,"href":"https:\/\/wiva-massage.ch\/index.php?rest_route=%2Fwp%2Fv2%2Fcomments&post=2"}],"version-history":[{"count":504,"href":"https:\/\/wiva-massage.ch\/index.php?rest_route=\/wp\/v2\/pages\/2\/revisions"}],"predecessor-version":[{"id":1914,"href":"https:\/\/wiva-massage.ch\/index.php?rest_route=\/wp\/v2\/pages\/2\/revisions\/1914"}],"wp:attachment":[{"href":"https:\/\/wiva-massage.ch\/index.php?rest_route=%2Fwp%2Fv2%2Fmedia&parent=2"}],"curies":[{"name":"wp","href":"https:\/\/api.w.org\/{rel}","templated":true}]}}