{"id":22,"date":"2023-09-06T09:07:49","date_gmt":"2023-09-06T09:07:49","guid":{"rendered":"https:\/\/wiva-massage.ch\/?page_id=22"},"modified":"2023-11-02T08:42:10","modified_gmt":"2023-11-02T08:42:10","slug":"ueber-mich","status":"publish","type":"page","link":"https:\/\/wiva-massage.ch\/?page_id=22","title":{"rendered":"\u00dcber mich"},"content":{"rendered":"\t\t<div data-elementor-type=\"wp-page\" data-elementor-id=\"22\" class=\"elementor elementor-22\">\n\t\t\t\t\t\t<section class=\"elementor-section elementor-top-section elementor-element elementor-element-aa848f4 elementor-section-full_width elementor-section-height-default elementor-section-height-default\" data-id=\"aa848f4\" data-element_type=\"section\">\n\t\t\t\t\t\t<div class=\"elementor-container elementor-column-gap-custom\">\n\t\t\t\t\t<div class=\"elementor-column elementor-col-100 elementor-top-column elementor-element elementor-element-380df77\" data-id=\"380df77\" data-element_type=\"column\">\n\t\t\t<div class=\"elementor-widget-wrap elementor-element-populated\">\n\t\t\t\t\t\t<div class=\"elementor-element elementor-element-06dcc30 elementor-widget__width-initial elementor-widget elementor-widget-image\" data-id=\"06dcc30\" data-element_type=\"widget\" data-widget_type=\"image.default\">\n\t\t\t\t<div class=\"elementor-widget-container\">\n\t\t\t\t\t\t\t\t\t\t\t\t\t\t\t<img decoding=\"async\" src=\"https:\/\/wiva-massage.ch\/wp-content\/uploads\/2023\/11\/praxis-valerica.png\" title=\"\u00dcber mich\" alt=\"\u00dcber mich\" loading=\"lazy\" \/>\t\t\t\t\t\t\t\t\t\t\t\t\t\t\t<\/div>\n\t\t\t\t<\/div>\n\t\t\t\t\t<\/div>\n\t\t<\/div>\n\t\t\t\t\t<\/div>\n\t\t<\/section>\n\t\t\t\t<section class=\"elementor-section elementor-top-section elementor-element elementor-element-12cc72b elementor-section-boxed elementor-section-height-default elementor-section-height-default\" data-id=\"12cc72b\" data-element_type=\"section\">\n\t\t\t\t\t\t<div class=\"elementor-container elementor-column-gap-default\">\n\t\t\t\t\t<div class=\"elementor-column elementor-col-100 elementor-top-column elementor-element elementor-element-0ba6ba3\" data-id=\"0ba6ba3\" data-element_type=\"column\">\n\t\t\t<div class=\"elementor-widget-wrap elementor-element-populated\">\n\t\t\t\t\t\t<div class=\"elementor-element elementor-element-af45544 elementor-widget elementor-widget-spacer\" data-id=\"af45544\" data-element_type=\"widget\" data-widget_type=\"spacer.default\">\n\t\t\t\t<div class=\"elementor-widget-container\">\n\t\t\t\t\t\t\t<div class=\"elementor-spacer\">\n\t\t\t<div class=\"elementor-spacer-inner\"><\/div>\n\t\t<\/div>\n\t\t\t\t\t\t<\/div>\n\t\t\t\t<\/div>\n\t\t\t\t\t<\/div>\n\t\t<\/div>\n\t\t\t\t\t<\/div>\n\t\t<\/section>\n\t\t\t\t<section class=\"elementor-section elementor-top-section elementor-element elementor-element-7ae8e5f elementor-section-boxed elementor-section-height-default elementor-section-height-default\" data-id=\"7ae8e5f\" data-element_type=\"section\">\n\t\t\t\t\t\t<div class=\"elementor-container elementor-column-gap-default\">\n\t\t\t\t\t<div class=\"elementor-column elementor-col-100 elementor-top-column elementor-element elementor-element-0a182d7\" data-id=\"0a182d7\" data-element_type=\"column\">\n\t\t\t<div class=\"elementor-widget-wrap elementor-element-populated\">\n\t\t\t\t\t\t<div class=\"elementor-element elementor-element-ed57d13 elementor-widget elementor-widget-text-editor\" data-id=\"ed57d13\" data-element_type=\"widget\" data-widget_type=\"text-editor.default\">\n\t\t\t\t<div class=\"elementor-widget-container\">\n\t\t\t\t\t\t\t\t\t<ul>\n \t<li><strong>Dipl. Berufsmasseurin<\/strong><\/li>\n \t<li><strong>Dipl. Fussreflexzonentherapeutin<\/strong><\/li>\n \t<li><strong>Dipl. Schulmedizinische Ausbildung<\/strong><\/li>\n<\/ul>\n\nSchon immer haben mich die Themen rund um Gesundheit , Wohlergehen interessiert und mein Wunsch begleitete mich w\u00e4hrend vielen Jahren, mich in Richtung Massage und Fussreflextherapie professionell ausbilden zu lassen. Ab 2020 habe ich die entsprechenden Ausbildungen begonnen und erfolgreich bestanden, d.h. seit 2020 bin ich diplomierte Fussreflextherapeutin sowie 2022 diplomierte Berufsmasseurin . Zus\u00e4tzlich habe ich ein weiteres Diplom erworben f\u00fcr die Vertiefung meiner Kenntnisse in Schulmedizin, dies im Hinblick auf die angestrebte Krankenkassenanerkennung.\nAb sofort bin ich nun in meiner neu eingerichteten Praxis im Kaisten als Fussreflextherapeutin , Massage Therapeutin t\u00e4tig.<br><\/br>\n\nMeine Mission: Mit meinen H\u00e4nden Wunder bewirken!\nIm Jahr 2023 wagte ich den Schritt in diese wunderbare und erf\u00fcllende T\u00e4tigkeit als Masseurin mit meiner eigener Praxis. Mir ist es ein Anliegen, mittels Anwendungen und Techniken, Zust\u00e4nde wie Schmerzen, Fehlhaltungen und Verspannungen abzubauen, zu beseitigen oder vorzubeugen. Meine Behandlungen sind speziell auf die Bed\u00fcrfnisse jedes Kunden zugeschnitten. So erh\u00e4lt jeder Kunde\/in den Ansatz, der f\u00fcr Sie am besten geeignet ist.\n<br><\/br>\nMein Ziel ist es, dass Sie nach meiner erfolgreichen Behandlung zufrieden nach Hause gehen . Selbstverst\u00e4ndlich lege ich hohen Wert auf Hygiene und umweltgerechte Produkte, sowie eine angenehme Atmosph\u00e4re.\n<br><\/br>\nBesuchen Sie mich in meiner Praxis in Kaisten und nutzen Sie mein breites Angebot.\nIch freue mich auf Sie.\t\t\t\t\t\t\t\t<\/div>\n\t\t\t\t<\/div>\n\t\t\t\t\t<\/div>\n\t\t<\/div>\n\t\t\t\t\t<\/div>\n\t\t<\/section>\n\t\t\t\t<section class=\"elementor-section elementor-top-section elementor-element elementor-element-16c95b2 elementor-section-boxed elementor-section-height-default elementor-section-height-default\" data-id=\"16c95b2\" data-element_type=\"section\">\n\t\t\t\t\t\t<div class=\"elementor-container elementor-column-gap-default\">\n\t\t\t\t\t<div class=\"elementor-column elementor-col-100 elementor-top-column elementor-element elementor-element-395f2c4\" data-id=\"395f2c4\" data-element_type=\"column\">\n\t\t\t<div class=\"elementor-widget-wrap elementor-element-populated\">\n\t\t\t\t\t\t<div class=\"elementor-element elementor-element-18f7841 elementor-widget elementor-widget-spacer\" data-id=\"18f7841\" data-element_type=\"widget\" data-widget_type=\"spacer.default\">\n\t\t\t\t<div class=\"elementor-widget-container\">\n\t\t\t\t\t\t\t<div class=\"elementor-spacer\">\n\t\t\t<div class=\"elementor-spacer-inner\"><\/div>\n\t\t<\/div>\n\t\t\t\t\t\t<\/div>\n\t\t\t\t<\/div>\n\t\t\t\t\t<\/div>\n\t\t<\/div>\n\t\t\t\t\t<\/div>\n\t\t<\/section>\n\t\t\t\t<\/div>\n\t\t","protected":false},"excerpt":{"rendered":"<p>Dipl. Berufsmasseurin Dipl. Fussreflexzonentherapeutin Dipl. Schulmedizinische Ausbildung Schon immer haben mich die Themen rund um Gesundheit , Wohlergehen interessiert und mein Wunsch begleitete mich w\u00e4hrend vielen Jahren, mich in Richtung &hellip; <\/p>\n","protected":false},"author":1,"featured_media":0,"parent":0,"menu_order":2,"comment_status":"closed","ping_status":"closed","template":"elementor_header_footer","meta":{"footnotes":""},"class_list":["post-22","page","type-page","status-publish","hentry"],"_links":{"self":[{"href":"https:\/\/wiva-massage.ch\/index.php?rest_route=\/wp\/v2\/pages\/22","targetHints":{"allow":["GET"]}}],"collection":[{"href":"https:\/\/wiva-massage.ch\/index.php?rest_route=\/wp\/v2\/pages"}],"about":[{"href":"https:\/\/wiva-massage.ch\/index.php?rest_route=\/wp\/v2\/types\/page"}],"author":[{"embeddable":true,"href":"https:\/\/wiva-massage.ch\/index.php?rest_route=\/wp\/v2\/users\/1"}],"replies":[{"embeddable":true,"href":"https:\/\/wiva-massage.ch\/index.php?rest_route=%2Fwp%2Fv2%2Fcomments&post=22"}],"version-history":[{"count":253,"href":"https:\/\/wiva-massage.ch\/index.php?rest_route=\/wp\/v2\/pages\/22\/revisions"}],"predecessor-version":[{"id":1952,"href":"https:\/\/wiva-massage.ch\/index.php?rest_route=\/wp\/v2\/pages\/22\/revisions\/1952"}],"wp:attachment":[{"href":"https:\/\/wiva-massage.ch\/index.php?rest_route=%2Fwp%2Fv2%2Fmedia&parent=22"}],"curies":[{"name":"wp","href":"https:\/\/api.w.org\/{rel}","templated":true}]}}