{"id":434,"date":"2023-09-11T13:20:03","date_gmt":"2023-09-11T13:20:03","guid":{"rendered":"https:\/\/wiva-massage.ch\/?page_id=434"},"modified":"2025-11-19T10:31:27","modified_gmt":"2025-11-19T10:31:27","slug":"fussreflex","status":"publish","type":"page","link":"https:\/\/wiva-massage.ch\/?page_id=434","title":{"rendered":"Fussreflex"},"content":{"rendered":"\t\t<div data-elementor-type=\"wp-page\" data-elementor-id=\"434\" class=\"elementor elementor-434\">\n\t\t\t\t\t\t<section class=\"elementor-section elementor-top-section elementor-element elementor-element-62262b7 elementor-section-boxed elementor-section-height-default elementor-section-height-default\" data-id=\"62262b7\" data-element_type=\"section\">\n\t\t\t\t\t\t<div class=\"elementor-container elementor-column-gap-default\">\n\t\t\t\t\t<div class=\"elementor-column elementor-col-100 elementor-top-column elementor-element elementor-element-8d2afdd\" data-id=\"8d2afdd\" data-element_type=\"column\">\n\t\t\t<div class=\"elementor-widget-wrap elementor-element-populated\">\n\t\t\t\t\t\t<div class=\"elementor-element elementor-element-dac224b elementor-widget elementor-widget-image\" data-id=\"dac224b\" data-element_type=\"widget\" data-widget_type=\"image.default\">\n\t\t\t\t<div class=\"elementor-widget-container\">\n\t\t\t\t\t\t\t\t\t\t\t\t\t\t\t<img decoding=\"async\" src=\"https:\/\/wiva-massage.ch\/wp-content\/uploads\/2023\/09\/canva-fuss-1366.png\" title=\"Fussreflexzonen Massage\" alt=\"Fussreflexzonen Massage\" loading=\"lazy\" \/>\t\t\t\t\t\t\t\t\t\t\t\t\t\t\t<\/div>\n\t\t\t\t<\/div>\n\t\t\t\t<div class=\"elementor-element elementor-element-13ea1cc elementor-widget elementor-widget-spacer\" data-id=\"13ea1cc\" data-element_type=\"widget\" data-widget_type=\"spacer.default\">\n\t\t\t\t<div class=\"elementor-widget-container\">\n\t\t\t\t\t\t\t<div class=\"elementor-spacer\">\n\t\t\t<div class=\"elementor-spacer-inner\"><\/div>\n\t\t<\/div>\n\t\t\t\t\t\t<\/div>\n\t\t\t\t<\/div>\n\t\t\t\t\t<\/div>\n\t\t<\/div>\n\t\t\t\t\t<\/div>\n\t\t<\/section>\n\t\t\t\t<section class=\"elementor-section elementor-top-section elementor-element elementor-element-f7ae0cd elementor-section-boxed elementor-section-height-default elementor-section-height-default\" data-id=\"f7ae0cd\" data-element_type=\"section\">\n\t\t\t\t\t\t<div class=\"elementor-container elementor-column-gap-default\">\n\t\t\t\t\t<div class=\"elementor-column elementor-col-100 elementor-top-column elementor-element elementor-element-9a1c987\" data-id=\"9a1c987\" data-element_type=\"column\">\n\t\t\t<div class=\"elementor-widget-wrap elementor-element-populated\">\n\t\t\t\t\t\t<div class=\"elementor-element elementor-element-5388127 elementor-widget elementor-widget-text-editor\" data-id=\"5388127\" data-element_type=\"widget\" data-widget_type=\"text-editor.default\">\n\t\t\t\t<div class=\"elementor-widget-container\">\n\t\t\t\t\t\t\t\t\t<p><span style=\"color: #1e1e1e; font-size: 1.0em;\">Die Fussreflexzonenmassage geh\u00f6rt zu den ganzheitlichen Naturheilverfahren. Durch die Massage am Fuss setzen wir Impulse und regen den K\u00f6rper an, dass der eigene \u00abinneren Arzt\u00bb t\u00e4tig wird. Die Fussreflexzonentherapie erkennt und beseitigt Energiest\u00f6rungen und wirkt entspannend auf K\u00f6rper, Geist und Seele. Durch die Behandlung der Reflexzonen werden die Blockierungen aufgel\u00f6st und das ganze System ist wieder in Harmonie.<\/span><br \/>Durch eine Fussreflexzonen-Massage k\u00f6nnen Beschwerden am ganzen K\u00f6rper gelindert werden, sowie Narben entst\u00f6rt. Die Selbstheilungskr\u00e4fte werden bei einer entspannenden Massage aktiviert.<\/p>\t\t\t\t\t\t\t\t<\/div>\n\t\t\t\t<\/div>\n\t\t\t\t\t<\/div>\n\t\t<\/div>\n\t\t\t\t\t<\/div>\n\t\t<\/section>\n\t\t\t\t<section class=\"elementor-section elementor-top-section elementor-element elementor-element-cee98b0 elementor-section-boxed elementor-section-height-default elementor-section-height-default\" data-id=\"cee98b0\" data-element_type=\"section\">\n\t\t\t\t\t\t<div class=\"elementor-container elementor-column-gap-default\">\n\t\t\t\t\t<div class=\"elementor-column elementor-col-50 elementor-top-column elementor-element elementor-element-4bf7736\" data-id=\"4bf7736\" data-element_type=\"column\">\n\t\t\t<div class=\"elementor-widget-wrap elementor-element-populated\">\n\t\t\t\t\t\t<div class=\"elementor-element elementor-element-7530a9e elementor-widget elementor-widget-text-editor\" data-id=\"7530a9e\" data-element_type=\"widget\" data-widget_type=\"text-editor.default\">\n\t\t\t\t<div class=\"elementor-widget-container\">\n\t\t\t\t\t\t\t\t\t<strong>Anwendung f\u00fcr die Fussreflexzonenmassage<\/strong>\n<ul>\t<li>Verdauungsst\u00f6rungen<\/li>\n<li>Chronische Krankheiten<\/li>\n<li>Entz\u00fcndungen<\/li>\n<li>Schmerzzust\u00e4nde<\/li>\n<li>Stress und Ersch\u00f6pfung<\/li>\n<li>Muskul\u00e4re Verspannungen<\/li>\n<li>Immunsystemschw\u00e4che<\/li>\n<li>Herz-Kreislaufprobleme<\/li>\n<\/ul>\n\n\n\n\t\t\t\t\t\t\t\t<\/div>\n\t\t\t\t<\/div>\n\t\t\t\t\t<\/div>\n\t\t<\/div>\n\t\t\t\t<div class=\"elementor-column elementor-col-50 elementor-top-column elementor-element elementor-element-d82323c\" data-id=\"d82323c\" data-element_type=\"column\">\n\t\t\t<div class=\"elementor-widget-wrap elementor-element-populated\">\n\t\t\t\t\t\t<div class=\"elementor-element elementor-element-07d6295 elementor-widget elementor-widget-text-editor\" data-id=\"07d6295\" data-element_type=\"widget\" data-widget_type=\"text-editor.default\">\n\t\t\t\t<div class=\"elementor-widget-container\">\n\t\t\t\t\t\t\t\t\t<strong>Allgemeine Wirkung<\/strong>\n<ul>\n \t<li>Lokale Steigerung der Durchblutung<\/li>\n \t<li>Entspannung der Muskulatur<\/li>\n \t<li>Anregung der Selbstheilungskr\u00e4fte<\/li>\n \t<li>St\u00e4rkung des Immunsystems<\/li>\n \t<li>F\u00f6rderung der Entspannung (physisch und psychisch)<\/li>\n \t<li>St\u00e4rkung des Wohlbefindens<\/li>\n<\/ul>\t\t\t\t\t\t\t\t<\/div>\n\t\t\t\t<\/div>\n\t\t\t\t\t<\/div>\n\t\t<\/div>\n\t\t\t\t\t<\/div>\n\t\t<\/section>\n\t\t\t\t<section class=\"elementor-section elementor-top-section elementor-element elementor-element-c4f7ed3 elementor-section-boxed elementor-section-height-default elementor-section-height-default\" data-id=\"c4f7ed3\" data-element_type=\"section\">\n\t\t\t\t\t\t<div class=\"elementor-container elementor-column-gap-default\">\n\t\t\t\t\t<div class=\"elementor-column elementor-col-100 elementor-top-column elementor-element elementor-element-d895d20\" data-id=\"d895d20\" data-element_type=\"column\">\n\t\t\t<div class=\"elementor-widget-wrap elementor-element-populated\">\n\t\t\t\t\t\t<div class=\"elementor-element elementor-element-f70229d elementor-widget elementor-widget-text-editor\" data-id=\"f70229d\" data-element_type=\"widget\" data-widget_type=\"text-editor.default\">\n\t\t\t\t<div class=\"elementor-widget-container\">\n\t\t\t\t\t\t\t\t\t<strong>Wann wird die Fussreflexzonenmassage nicht angewendet<\/strong>\n<ul>\n \t<li>Hauterkrankungen<\/li>\n \t<li>offene Wunden an den F\u00fcssen<\/li>\n \t<li>Fusspilz<\/li>\n \t<li>akute Venenverletzungen<\/li>\n \t<li>Krampfadern<\/li>\n \t<li>Bluthochdruck<\/li>\n \t<li>Schwangerschaft<\/li>\n \t<li>psychische St\u00f6rungen<\/li>\n \t<li>ernsthafte Krankheiten<\/li>\n<\/ul>\t\t\t\t\t\t\t\t<\/div>\n\t\t\t\t<\/div>\n\t\t\t\t\t<\/div>\n\t\t<\/div>\n\t\t\t\t\t<\/div>\n\t\t<\/section>\n\t\t\t\t<section class=\"elementor-section elementor-top-section elementor-element elementor-element-556b481 elementor-section-boxed elementor-section-height-default elementor-section-height-default\" data-id=\"556b481\" data-element_type=\"section\">\n\t\t\t\t\t\t<div class=\"elementor-container elementor-column-gap-default\">\n\t\t\t\t\t<div class=\"elementor-column elementor-col-100 elementor-top-column elementor-element elementor-element-b9563d7\" data-id=\"b9563d7\" data-element_type=\"column\">\n\t\t\t<div class=\"elementor-widget-wrap elementor-element-populated\">\n\t\t\t\t\t\t<div class=\"elementor-element elementor-element-6f0a8b9 elementor-widget elementor-widget-text-editor\" data-id=\"6f0a8b9\" data-element_type=\"widget\" data-widget_type=\"text-editor.default\">\n\t\t\t\t<div class=\"elementor-widget-container\">\n\t\t\t\t\t\t\t\t\t<p>Stundenansatz:<\/p>\n<ul>\n<li>CHF 120.-&nbsp;&nbsp; pro 60 Minuten<\/li>\n<\/ul>\t\t\t\t\t\t\t\t<\/div>\n\t\t\t\t<\/div>\n\t\t\t\t\t<\/div>\n\t\t<\/div>\n\t\t\t\t\t<\/div>\n\t\t<\/section>\n\t\t\t\t<section class=\"elementor-section elementor-top-section elementor-element elementor-element-d274dc8 elementor-section-boxed elementor-section-height-default elementor-section-height-default\" data-id=\"d274dc8\" data-element_type=\"section\">\n\t\t\t\t\t\t<div class=\"elementor-container elementor-column-gap-default\">\n\t\t\t\t\t<div class=\"elementor-column elementor-col-100 elementor-top-column elementor-element elementor-element-9f0d043\" data-id=\"9f0d043\" data-element_type=\"column\">\n\t\t\t<div class=\"elementor-widget-wrap elementor-element-populated\">\n\t\t\t\t\t\t<div class=\"elementor-element elementor-element-b2083bf elementor-widget elementor-widget-heading\" data-id=\"b2083bf\" data-element_type=\"widget\" data-widget_type=\"heading.default\">\n\t\t\t\t<div class=\"elementor-widget-container\">\n\t\t\t\t\t<h4 class=\"elementor-heading-title elementor-size-default\">Bitte beachten Sie, dass ich als diplomierte Berufsmasseurin keine schulmedizinischen Diagnosen erstellen und Arztvisiten anbieten darf.<\/h4>\t\t\t\t<\/div>\n\t\t\t\t<\/div>\n\t\t\t\t\t<\/div>\n\t\t<\/div>\n\t\t\t\t\t<\/div>\n\t\t<\/section>\n\t\t\t\t<\/div>\n\t\t","protected":false},"excerpt":{"rendered":"<p>Die Fussreflexzonenmassage geh\u00f6rt zu den ganzheitlichen Naturheilverfahren. Durch die Massage am Fuss setzen wir Impulse und regen den K\u00f6rper an, dass der eigene \u00abinneren Arzt\u00bb t\u00e4tig wird. Die Fussreflexzonentherapie erkennt &hellip; <\/p>\n","protected":false},"author":1,"featured_media":0,"parent":0,"menu_order":12,"comment_status":"closed","ping_status":"closed","template":"elementor_header_footer","meta":{"footnotes":""},"class_list":["post-434","page","type-page","status-publish","hentry"],"_links":{"self":[{"href":"https:\/\/wiva-massage.ch\/index.php?rest_route=\/wp\/v2\/pages\/434","targetHints":{"allow":["GET"]}}],"collection":[{"href":"https:\/\/wiva-massage.ch\/index.php?rest_route=\/wp\/v2\/pages"}],"about":[{"href":"https:\/\/wiva-massage.ch\/index.php?rest_route=\/wp\/v2\/types\/page"}],"author":[{"embeddable":true,"href":"https:\/\/wiva-massage.ch\/index.php?rest_route=\/wp\/v2\/users\/1"}],"replies":[{"embeddable":true,"href":"https:\/\/wiva-massage.ch\/index.php?rest_route=%2Fwp%2Fv2%2Fcomments&post=434"}],"version-history":[{"count":153,"href":"https:\/\/wiva-massage.ch\/index.php?rest_route=\/wp\/v2\/pages\/434\/revisions"}],"predecessor-version":[{"id":1968,"href":"https:\/\/wiva-massage.ch\/index.php?rest_route=\/wp\/v2\/pages\/434\/revisions\/1968"}],"wp:attachment":[{"href":"https:\/\/wiva-massage.ch\/index.php?rest_route=%2Fwp%2Fv2%2Fmedia&parent=434"}],"curies":[{"name":"wp","href":"https:\/\/api.w.org\/{rel}","templated":true}]}}