{"id":449,"date":"2023-09-11T13:31:41","date_gmt":"2023-09-11T13:31:41","guid":{"rendered":"https:\/\/wiva-massage.ch\/?page_id=449"},"modified":"2025-11-19T10:41:16","modified_gmt":"2025-11-19T10:41:16","slug":"bowen","status":"publish","type":"page","link":"https:\/\/wiva-massage.ch\/?page_id=449","title":{"rendered":"Bowen"},"content":{"rendered":"\t\t<div data-elementor-type=\"wp-page\" data-elementor-id=\"449\" class=\"elementor elementor-449\">\n\t\t\t\t\t\t<section class=\"elementor-section elementor-top-section elementor-element elementor-element-c41f46e elementor-section-boxed elementor-section-height-default elementor-section-height-default\" data-id=\"c41f46e\" data-element_type=\"section\">\n\t\t\t\t\t\t<div class=\"elementor-container elementor-column-gap-default\">\n\t\t\t\t\t<div class=\"elementor-column elementor-col-100 elementor-top-column elementor-element elementor-element-cda7654\" data-id=\"cda7654\" data-element_type=\"column\">\n\t\t\t<div class=\"elementor-widget-wrap elementor-element-populated\">\n\t\t\t\t\t\t<div class=\"elementor-element elementor-element-3a95aaf elementor-widget elementor-widget-image\" data-id=\"3a95aaf\" data-element_type=\"widget\" data-widget_type=\"image.default\">\n\t\t\t\t<div class=\"elementor-widget-container\">\n\t\t\t\t\t\t\t\t\t\t\t\t\t\t\t<img decoding=\"async\" src=\"https:\/\/wiva-massage.ch\/wp-content\/uploads\/2023\/09\/canva-bowen-1366.png\" title=\"Bowen Therapie\" alt=\"Bowen Therapie\" loading=\"lazy\" \/>\t\t\t\t\t\t\t\t\t\t\t\t\t\t\t<\/div>\n\t\t\t\t<\/div>\n\t\t\t\t<div class=\"elementor-element elementor-element-dc79bfa elementor-widget elementor-widget-spacer\" data-id=\"dc79bfa\" data-element_type=\"widget\" data-widget_type=\"spacer.default\">\n\t\t\t\t<div class=\"elementor-widget-container\">\n\t\t\t\t\t\t\t<div class=\"elementor-spacer\">\n\t\t\t<div class=\"elementor-spacer-inner\"><\/div>\n\t\t<\/div>\n\t\t\t\t\t\t<\/div>\n\t\t\t\t<\/div>\n\t\t\t\t\t<\/div>\n\t\t<\/div>\n\t\t\t\t\t<\/div>\n\t\t<\/section>\n\t\t\t\t<section class=\"elementor-section elementor-top-section elementor-element elementor-element-6a2714d elementor-section-boxed elementor-section-height-default elementor-section-height-default\" data-id=\"6a2714d\" data-element_type=\"section\">\n\t\t\t\t\t\t<div class=\"elementor-container elementor-column-gap-default\">\n\t\t\t\t\t<div class=\"elementor-column elementor-col-100 elementor-top-column elementor-element elementor-element-41050c3\" data-id=\"41050c3\" data-element_type=\"column\">\n\t\t\t<div class=\"elementor-widget-wrap elementor-element-populated\">\n\t\t\t\t\t\t<div class=\"elementor-element elementor-element-24a2b01 elementor-widget elementor-widget-text-editor\" data-id=\"24a2b01\" data-element_type=\"widget\" data-widget_type=\"text-editor.default\">\n\t\t\t\t<div class=\"elementor-widget-container\">\n\t\t\t\t\t\t\t\t\t<p><span style=\"color: #1e1e1e; font-size: 1.0em;\">Die Bowen-Therapie, bzw. Bowen oder Bowtech genannt, wurde in den f\u00fcnfziger Jahren vom Australier Tom Bowen entwickelt. Die Bowen Therapie ist eine ganzheitliche, manuelle Therapieform, die \u00fcber sanfte, rollende Handgriffe an definierten Stellen des K\u00f6rpers die Faszien (Bindegewebsstrukturen, die Muskeln und Organe umh\u00fcllen), so stimuliert, dass damit ein Prozess der k\u00f6rperlichen Selbstregulation startet.<br \/><\/span><\/p>\t\t\t\t\t\t\t\t<\/div>\n\t\t\t\t<\/div>\n\t\t\t\t\t<\/div>\n\t\t<\/div>\n\t\t\t\t\t<\/div>\n\t\t<\/section>\n\t\t\t\t<section class=\"elementor-section elementor-top-section elementor-element elementor-element-1b25f69 elementor-section-boxed elementor-section-height-default elementor-section-height-default\" data-id=\"1b25f69\" data-element_type=\"section\">\n\t\t\t\t\t\t<div class=\"elementor-container elementor-column-gap-default\">\n\t\t\t\t\t<div class=\"elementor-column elementor-col-50 elementor-top-column elementor-element elementor-element-d1337ab\" data-id=\"d1337ab\" data-element_type=\"column\">\n\t\t\t<div class=\"elementor-widget-wrap elementor-element-populated\">\n\t\t\t\t\t\t<div class=\"elementor-element elementor-element-5b1f612 elementor-widget elementor-widget-text-editor\" data-id=\"5b1f612\" data-element_type=\"widget\" data-widget_type=\"text-editor.default\">\n\t\t\t\t<div class=\"elementor-widget-container\">\n\t\t\t\t\t\t\t\t\t<p><strong>Anwendung f\u00fcr die Bowen-Therapie<\/strong><\/p><ul><li>R\u00fcckenschmerzen<\/li><li>Fehlhaltung der Wirbels\u00e4ule<\/li><li>Muskelverspannungen, zum Beispiel im Schulter\/Nacken<\/li><li>Ischiasbeschwerden<\/li><li>Bandscheibensch\u00e4den<\/li><li>Schulterbeschwerden, Tennisarm, Karpaltunnelsyndrom<\/li><li>H\u00fcft-, Knie- und Fussschmerzen<\/li><li>Rheumatische Beschwerden<\/li><li>Gest\u00f6rter Lymphfluss<\/li><\/ul>\t\t\t\t\t\t\t\t<\/div>\n\t\t\t\t<\/div>\n\t\t\t\t\t<\/div>\n\t\t<\/div>\n\t\t\t\t<div class=\"elementor-column elementor-col-50 elementor-top-column elementor-element elementor-element-73c48bf\" data-id=\"73c48bf\" data-element_type=\"column\">\n\t\t\t<div class=\"elementor-widget-wrap elementor-element-populated\">\n\t\t\t\t\t\t<div class=\"elementor-element elementor-element-75cadab elementor-widget elementor-widget-text-editor\" data-id=\"75cadab\" data-element_type=\"widget\" data-widget_type=\"text-editor.default\">\n\t\t\t\t<div class=\"elementor-widget-container\">\n\t\t\t\t\t\t\t\t\t<strong>Allgemeine Wirkung<\/strong>\n<ul>\n<li>regen den K\u00f6rper an, bei chronischen Beschwerden bestehende Funktionsst\u00f6rungen selbst zu regulieren.<\/li>\n<li>steigern die Zirkulation von Blut, Lymphe und Gewebefl\u00fcssigkeit.<\/li>\n<li>beeinflussen sanft den Tonus der Weichgewebe, Verkrampfungen, Muskelhartspann oder Fehlstellungen der Gelenke.<\/li>\n<li>wirken sich positiv auf die Gesamtstatik des K\u00f6rpers und auf damit zusammenh\u00e4ngende St\u00f6rungen aus.<\/li>\n<li>haben mittelfristig einen regulativen Effekt auf das autonome Nervensystem\n ( Atmung, Kreislauf , Verdauung , Hormonsystem ,Psychische Gestimmtheit).<\/li>\n<\/ul>\t\t\t\t\t\t\t\t<\/div>\n\t\t\t\t<\/div>\n\t\t\t\t\t<\/div>\n\t\t<\/div>\n\t\t\t\t\t<\/div>\n\t\t<\/section>\n\t\t\t\t<section class=\"elementor-section elementor-top-section elementor-element elementor-element-83dd1c3 elementor-section-boxed elementor-section-height-default elementor-section-height-default\" data-id=\"83dd1c3\" data-element_type=\"section\">\n\t\t\t\t\t\t<div class=\"elementor-container elementor-column-gap-default\">\n\t\t\t\t\t<div class=\"elementor-column elementor-col-100 elementor-top-column elementor-element elementor-element-285cad3\" data-id=\"285cad3\" data-element_type=\"column\">\n\t\t\t<div class=\"elementor-widget-wrap elementor-element-populated\">\n\t\t\t\t\t\t<div class=\"elementor-element elementor-element-73e3f1b elementor-widget elementor-widget-text-editor\" data-id=\"73e3f1b\" data-element_type=\"widget\" data-widget_type=\"text-editor.default\">\n\t\t\t\t<div class=\"elementor-widget-container\">\n\t\t\t\t\t\t\t\t\t<p><strong>Nach der Behandlung sollten Sie:<\/strong><\/p><ul><li>f\u00fcr den Rest des Tages nicht l\u00e4nger als 30 Minuten am St\u00fcck sitzen.<\/li><li>Kurzes Aufstehen und ein paar Schritte gen\u00fcgen.<\/li><li>F\u00fcr 48 Stunden nach der Behandlung anstrengende T\u00e4tigkeiten vermeiden bzw. reduzieren, z.B. kleinere Trainingseinheiten.<\/li><li>F\u00fcr 24 Std. keine W\u00e4rme- oder K\u00e4lteanwendungen (Eis, Fango sehr heisses Duschen, Heizdecke, W\u00e4rmeflasche, W\u00e4rmesalben)<\/li><li>T\u00e4glich einen Spaziergang von mindestens 20 Minuten unternehmen<\/li><li>T\u00e4glich 6 &#8211; 8 Gl\u00e4ser Wasser Trinken<\/li><\/ul>\t\t\t\t\t\t\t\t<\/div>\n\t\t\t\t<\/div>\n\t\t\t\t\t<\/div>\n\t\t<\/div>\n\t\t\t\t\t<\/div>\n\t\t<\/section>\n\t\t\t\t<section class=\"elementor-section elementor-top-section elementor-element elementor-element-c563890 elementor-section-boxed elementor-section-height-default elementor-section-height-default\" data-id=\"c563890\" data-element_type=\"section\">\n\t\t\t\t\t\t<div class=\"elementor-container elementor-column-gap-default\">\n\t\t\t\t\t<div class=\"elementor-column elementor-col-100 elementor-top-column elementor-element elementor-element-6053e65\" data-id=\"6053e65\" data-element_type=\"column\">\n\t\t\t<div class=\"elementor-widget-wrap elementor-element-populated\">\n\t\t\t\t\t\t<div class=\"elementor-element elementor-element-1c6e637 elementor-widget elementor-widget-text-editor\" data-id=\"1c6e637\" data-element_type=\"widget\" data-widget_type=\"text-editor.default\">\n\t\t\t\t<div class=\"elementor-widget-container\">\n\t\t\t\t\t\t\t\t\t<strong>Wann wird die Bowen Therapie nicht angewendet<\/strong>\n<span style=\"color: #1e1e1e; font-size: 1.0em;\"><br><\/br>\nF\u00fcr die Anwendung der Bowen-Therapie gibt es keine Kontraindikationen. Lediglich in der Schwangerschaft sollten einige Griffe nicht angewandt werden.<\/span>\t\t\t\t\t\t\t\t<\/div>\n\t\t\t\t<\/div>\n\t\t\t\t\t<\/div>\n\t\t<\/div>\n\t\t\t\t\t<\/div>\n\t\t<\/section>\n\t\t\t\t<section class=\"elementor-section elementor-top-section elementor-element elementor-element-12879be elementor-section-boxed elementor-section-height-default elementor-section-height-default\" data-id=\"12879be\" data-element_type=\"section\">\n\t\t\t\t\t\t<div class=\"elementor-container elementor-column-gap-default\">\n\t\t\t\t\t<div class=\"elementor-column elementor-col-100 elementor-top-column elementor-element elementor-element-45fb652\" data-id=\"45fb652\" data-element_type=\"column\">\n\t\t\t<div class=\"elementor-widget-wrap elementor-element-populated\">\n\t\t\t\t\t\t<div class=\"elementor-element elementor-element-fcc00e9 elementor-widget elementor-widget-text-editor\" data-id=\"fcc00e9\" data-element_type=\"widget\" data-widget_type=\"text-editor.default\">\n\t\t\t\t<div class=\"elementor-widget-container\">\n\t\t\t\t\t\t\t\t\t<p>Stundenansatz:<\/p>\n<ul>\n<li>CHF&nbsp; 120.-&nbsp; &nbsp; &nbsp;pro 60 Minuten<\/li><\/ul>\t\t\t\t\t\t\t\t<\/div>\n\t\t\t\t<\/div>\n\t\t\t\t\t<\/div>\n\t\t<\/div>\n\t\t\t\t\t<\/div>\n\t\t<\/section>\n\t\t\t\t<section class=\"elementor-section elementor-top-section elementor-element elementor-element-518c3b2 elementor-section-boxed elementor-section-height-default elementor-section-height-default\" data-id=\"518c3b2\" data-element_type=\"section\">\n\t\t\t\t\t\t<div class=\"elementor-container elementor-column-gap-default\">\n\t\t\t\t\t<div class=\"elementor-column elementor-col-100 elementor-top-column elementor-element elementor-element-653682f\" data-id=\"653682f\" data-element_type=\"column\">\n\t\t\t<div class=\"elementor-widget-wrap elementor-element-populated\">\n\t\t\t\t\t\t<div class=\"elementor-element elementor-element-65ba7ea elementor-widget elementor-widget-heading\" data-id=\"65ba7ea\" data-element_type=\"widget\" data-widget_type=\"heading.default\">\n\t\t\t\t<div class=\"elementor-widget-container\">\n\t\t\t\t\t<h4 class=\"elementor-heading-title elementor-size-default\">Bitte beachten Sie, dass ich als diplomierte Berufsmasseurin keine schulmedizinischen Diagnosen erstellen und Arztvisiten anbieten darf.<\/h4>\t\t\t\t<\/div>\n\t\t\t\t<\/div>\n\t\t\t\t\t<\/div>\n\t\t<\/div>\n\t\t\t\t\t<\/div>\n\t\t<\/section>\n\t\t\t\t<section class=\"elementor-section elementor-top-section elementor-element elementor-element-50c4f83 elementor-section-boxed elementor-section-height-default elementor-section-height-default\" data-id=\"50c4f83\" data-element_type=\"section\">\n\t\t\t\t\t\t<div class=\"elementor-container elementor-column-gap-default\">\n\t\t\t\t\t<div class=\"elementor-column elementor-col-100 elementor-top-column elementor-element elementor-element-0cf862e\" data-id=\"0cf862e\" data-element_type=\"column\">\n\t\t\t<div class=\"elementor-widget-wrap\">\n\t\t\t\t\t\t\t<\/div>\n\t\t<\/div>\n\t\t\t\t\t<\/div>\n\t\t<\/section>\n\t\t\t\t<\/div>\n\t\t","protected":false},"excerpt":{"rendered":"<p>Die Bowen-Therapie, bzw. Bowen oder Bowtech genannt, wurde in den f\u00fcnfziger Jahren vom Australier Tom Bowen entwickelt. Die Bowen Therapie ist eine ganzheitliche, manuelle Therapieform, die \u00fcber sanfte, rollende Handgriffe &hellip; <\/p>\n","protected":false},"author":1,"featured_media":0,"parent":0,"menu_order":13,"comment_status":"closed","ping_status":"closed","template":"elementor_header_footer","meta":{"footnotes":""},"class_list":["post-449","page","type-page","status-publish","hentry"],"_links":{"self":[{"href":"https:\/\/wiva-massage.ch\/index.php?rest_route=\/wp\/v2\/pages\/449","targetHints":{"allow":["GET"]}}],"collection":[{"href":"https:\/\/wiva-massage.ch\/index.php?rest_route=\/wp\/v2\/pages"}],"about":[{"href":"https:\/\/wiva-massage.ch\/index.php?rest_route=\/wp\/v2\/types\/page"}],"author":[{"embeddable":true,"href":"https:\/\/wiva-massage.ch\/index.php?rest_route=\/wp\/v2\/users\/1"}],"replies":[{"embeddable":true,"href":"https:\/\/wiva-massage.ch\/index.php?rest_route=%2Fwp%2Fv2%2Fcomments&post=449"}],"version-history":[{"count":111,"href":"https:\/\/wiva-massage.ch\/index.php?rest_route=\/wp\/v2\/pages\/449\/revisions"}],"predecessor-version":[{"id":1983,"href":"https:\/\/wiva-massage.ch\/index.php?rest_route=\/wp\/v2\/pages\/449\/revisions\/1983"}],"wp:attachment":[{"href":"https:\/\/wiva-massage.ch\/index.php?rest_route=%2Fwp%2Fv2%2Fmedia&parent=449"}],"curies":[{"name":"wp","href":"https:\/\/api.w.org\/{rel}","templated":true}]}}