{"id":464,"date":"2023-09-11T13:54:47","date_gmt":"2023-09-11T13:54:47","guid":{"rendered":"https:\/\/wiva-massage.ch\/?page_id=464"},"modified":"2025-11-19T10:34:17","modified_gmt":"2025-11-19T10:34:17","slug":"dorn","status":"publish","type":"page","link":"https:\/\/wiva-massage.ch\/?page_id=464","title":{"rendered":"Dorn"},"content":{"rendered":"\t\t<div data-elementor-type=\"wp-page\" data-elementor-id=\"464\" class=\"elementor elementor-464\">\n\t\t\t\t\t\t<section class=\"elementor-section elementor-top-section elementor-element elementor-element-a932ca0 elementor-section-boxed elementor-section-height-default elementor-section-height-default\" data-id=\"a932ca0\" data-element_type=\"section\">\n\t\t\t\t\t\t<div class=\"elementor-container elementor-column-gap-default\">\n\t\t\t\t\t<div class=\"elementor-column elementor-col-100 elementor-top-column elementor-element elementor-element-cd1231a\" data-id=\"cd1231a\" data-element_type=\"column\">\n\t\t\t<div class=\"elementor-widget-wrap elementor-element-populated\">\n\t\t\t\t\t\t<div class=\"elementor-element elementor-element-72bcac4 elementor-widget elementor-widget-image\" data-id=\"72bcac4\" data-element_type=\"widget\" data-widget_type=\"image.default\">\n\t\t\t\t<div class=\"elementor-widget-container\">\n\t\t\t\t\t\t\t\t\t\t\t\t\t\t\t<img decoding=\"async\" src=\"https:\/\/wiva-massage.ch\/wp-content\/uploads\/2023\/09\/canva-dorn-1366.png\" title=\"Dorn Therapie\" alt=\"Dorn Therapie\" loading=\"lazy\" \/>\t\t\t\t\t\t\t\t\t\t\t\t\t\t\t<\/div>\n\t\t\t\t<\/div>\n\t\t\t\t<div class=\"elementor-element elementor-element-a992c1c elementor-widget elementor-widget-spacer\" data-id=\"a992c1c\" data-element_type=\"widget\" data-widget_type=\"spacer.default\">\n\t\t\t\t<div class=\"elementor-widget-container\">\n\t\t\t\t\t\t\t<div class=\"elementor-spacer\">\n\t\t\t<div class=\"elementor-spacer-inner\"><\/div>\n\t\t<\/div>\n\t\t\t\t\t\t<\/div>\n\t\t\t\t<\/div>\n\t\t\t\t\t<\/div>\n\t\t<\/div>\n\t\t\t\t\t<\/div>\n\t\t<\/section>\n\t\t\t\t<section class=\"elementor-section elementor-top-section elementor-element elementor-element-b148363 elementor-section-boxed elementor-section-height-default elementor-section-height-default\" data-id=\"b148363\" data-element_type=\"section\">\n\t\t\t\t\t\t<div class=\"elementor-container elementor-column-gap-default\">\n\t\t\t\t\t<div class=\"elementor-column elementor-col-100 elementor-top-column elementor-element elementor-element-1d4135f\" data-id=\"1d4135f\" data-element_type=\"column\">\n\t\t\t<div class=\"elementor-widget-wrap elementor-element-populated\">\n\t\t\t\t\t\t<div class=\"elementor-element elementor-element-b621363 elementor-widget elementor-widget-text-editor\" data-id=\"b621363\" data-element_type=\"widget\" data-widget_type=\"text-editor.default\">\n\t\t\t\t<div class=\"elementor-widget-container\">\n\t\t\t\t\t\t\t\t\t<p><strong>Wirbels\u00e4ulenbehandlung nach Dorn<\/strong><br \/><span style=\"color: #1e1e1e; font-size: 1.0em;\">Bei der Dorn &#8211; Therapie handelt es sich um eine sanfte, aber hocheffiziente Gelenkarbeit der Wirbels\u00e4ule, welche ohne schnelle oder ruckartigen Bewegungen durchgef\u00fchrt wird. Die<br \/>Therapie erfolgt im Stehen oder Sitzen und der Patient muss nach Anleitung aktiv mithelfen.\u00a0 <\/span><\/p><p>Ziel der Dorn-Therapie ist es, den K\u00f6rper von unten nach oben zu begradigen. Da sich die Statik des Menschen von den F\u00fcssen als Basis \u00fcber die Beine, das Becken und die Wirbels\u00e4ule bis zum Kopf aufbaut, wird in dieser Reihenfolge behandelt. Eine komplett durchgef\u00fchrte Dorn-Therapie schliesst alle Gelenke des K\u00f6rpers mit ein.<\/p>\t\t\t\t\t\t\t\t<\/div>\n\t\t\t\t<\/div>\n\t\t\t\t\t<\/div>\n\t\t<\/div>\n\t\t\t\t\t<\/div>\n\t\t<\/section>\n\t\t\t\t<section class=\"elementor-section elementor-top-section elementor-element elementor-element-f744766 elementor-section-boxed elementor-section-height-default elementor-section-height-default\" data-id=\"f744766\" data-element_type=\"section\">\n\t\t\t\t\t\t<div class=\"elementor-container elementor-column-gap-default\">\n\t\t\t\t\t<div class=\"elementor-column elementor-col-50 elementor-top-column elementor-element elementor-element-d3323ea\" data-id=\"d3323ea\" data-element_type=\"column\">\n\t\t\t<div class=\"elementor-widget-wrap elementor-element-populated\">\n\t\t\t\t\t\t<div class=\"elementor-element elementor-element-8cc91b5 elementor-widget elementor-widget-text-editor\" data-id=\"8cc91b5\" data-element_type=\"widget\" data-widget_type=\"text-editor.default\">\n\t\t\t\t<div class=\"elementor-widget-container\">\n\t\t\t\t\t\t\t\t\t<strong>Anwendung der Dorn &#8211; Therapie<\/strong>\n<ul>\n<li>R\u00fcckenschmerzen<\/li>\n<li>Verspannungen<\/li>\n<li>Vorbeugend, Wohlbefinden<\/li>\n<li>Migr\u00e4ne<\/li>\n<li>Kopfschmerzen<\/li>\n<li>Tennisellbogen<\/li>\n<\/ul>\t\t\t\t\t\t\t\t<\/div>\n\t\t\t\t<\/div>\n\t\t\t\t\t<\/div>\n\t\t<\/div>\n\t\t\t\t<div class=\"elementor-column elementor-col-50 elementor-top-column elementor-element elementor-element-6cd1546\" data-id=\"6cd1546\" data-element_type=\"column\">\n\t\t\t<div class=\"elementor-widget-wrap elementor-element-populated\">\n\t\t\t\t\t\t<div class=\"elementor-element elementor-element-d8edc27 elementor-widget elementor-widget-text-editor\" data-id=\"d8edc27\" data-element_type=\"widget\" data-widget_type=\"text-editor.default\">\n\t\t\t\t<div class=\"elementor-widget-container\">\n\t\t\t\t\t\t\t\t\t<strong>Allgemeine Wirkung<\/strong>\n<ul>\n \t<li>kann sich auch positiv auf andere Gelenke auswirken<\/li>\n \t<li>Nervensystem ausgleichen<\/li>\n \t\n\n \t<li>Linderung der R\u00fcckenschmerzen<\/li>\n\n<\/ul>\t\t\t\t\t\t\t\t<\/div>\n\t\t\t\t<\/div>\n\t\t\t\t\t<\/div>\n\t\t<\/div>\n\t\t\t\t\t<\/div>\n\t\t<\/section>\n\t\t\t\t<section class=\"elementor-section elementor-top-section elementor-element elementor-element-ddc9bf4 elementor-section-boxed elementor-section-height-default elementor-section-height-default\" data-id=\"ddc9bf4\" data-element_type=\"section\">\n\t\t\t\t\t\t<div class=\"elementor-container elementor-column-gap-default\">\n\t\t\t\t\t<div class=\"elementor-column elementor-col-100 elementor-top-column elementor-element elementor-element-d81a309\" data-id=\"d81a309\" data-element_type=\"column\">\n\t\t\t<div class=\"elementor-widget-wrap elementor-element-populated\">\n\t\t\t\t\t\t<div class=\"elementor-element elementor-element-f2ce05e elementor-widget elementor-widget-text-editor\" data-id=\"f2ce05e\" data-element_type=\"widget\" data-widget_type=\"text-editor.default\">\n\t\t\t\t<div class=\"elementor-widget-container\">\n\t\t\t\t\t\t\t\t\t<strong>Wann wird die Dorn &#8211; Therapie nicht angewendet<\/strong>\n<ul>\n<li>Entz\u00fcndungen der Nerven<\/li>\n<li>Operative Versteifung der Wirbels\u00e4ule<\/li>\n<li>Osteoporose<\/li>\n<li>L\u00e4hmungserscheinungen<\/li>\n<li>akute Bandscheibenprobleme<\/li>\n<\/ul>\t\t\t\t\t\t\t\t<\/div>\n\t\t\t\t<\/div>\n\t\t\t\t\t<\/div>\n\t\t<\/div>\n\t\t\t\t\t<\/div>\n\t\t<\/section>\n\t\t\t\t<section class=\"elementor-section elementor-top-section elementor-element elementor-element-d6537a7 elementor-section-boxed elementor-section-height-default elementor-section-height-default\" data-id=\"d6537a7\" data-element_type=\"section\">\n\t\t\t\t\t\t<div class=\"elementor-container elementor-column-gap-default\">\n\t\t\t\t\t<div class=\"elementor-column elementor-col-100 elementor-top-column elementor-element elementor-element-c8280e8\" data-id=\"c8280e8\" data-element_type=\"column\">\n\t\t\t<div class=\"elementor-widget-wrap elementor-element-populated\">\n\t\t\t\t\t\t<div class=\"elementor-element elementor-element-8d2e22c elementor-widget elementor-widget-text-editor\" data-id=\"8d2e22c\" data-element_type=\"widget\" data-widget_type=\"text-editor.default\">\n\t\t\t\t<div class=\"elementor-widget-container\">\n\t\t\t\t\t\t\t\t\t<p>Stundenansatz:<\/p>\n<ul>\n<li>CHF 120.- &nbsp;&nbsp; pro 60 Minuten<\/li><\/ul>\t\t\t\t\t\t\t\t<\/div>\n\t\t\t\t<\/div>\n\t\t\t\t\t<\/div>\n\t\t<\/div>\n\t\t\t\t\t<\/div>\n\t\t<\/section>\n\t\t\t\t<section class=\"elementor-section elementor-top-section elementor-element elementor-element-cdb7391 elementor-section-boxed elementor-section-height-default elementor-section-height-default\" data-id=\"cdb7391\" data-element_type=\"section\">\n\t\t\t\t\t\t<div class=\"elementor-container elementor-column-gap-default\">\n\t\t\t\t\t<div class=\"elementor-column elementor-col-100 elementor-top-column elementor-element elementor-element-dac7eca\" data-id=\"dac7eca\" data-element_type=\"column\">\n\t\t\t<div class=\"elementor-widget-wrap elementor-element-populated\">\n\t\t\t\t\t\t<div class=\"elementor-element elementor-element-d801d39 elementor-widget elementor-widget-heading\" data-id=\"d801d39\" data-element_type=\"widget\" data-widget_type=\"heading.default\">\n\t\t\t\t<div class=\"elementor-widget-container\">\n\t\t\t\t\t<h4 class=\"elementor-heading-title elementor-size-default\">Bitte beachten Sie, dass ich als diplomierte Berufsmasseurin keine schulmedizinischen Diagnosen erstellen und Arztvisiten anbieten darf.<\/h4>\t\t\t\t<\/div>\n\t\t\t\t<\/div>\n\t\t\t\t\t<\/div>\n\t\t<\/div>\n\t\t\t\t\t<\/div>\n\t\t<\/section>\n\t\t\t\t<section class=\"elementor-section elementor-top-section elementor-element elementor-element-fc46a45 elementor-section-boxed elementor-section-height-default elementor-section-height-default\" data-id=\"fc46a45\" data-element_type=\"section\">\n\t\t\t\t\t\t<div class=\"elementor-container elementor-column-gap-default\">\n\t\t\t\t\t<div class=\"elementor-column elementor-col-100 elementor-top-column elementor-element elementor-element-c0a14e9\" data-id=\"c0a14e9\" data-element_type=\"column\">\n\t\t\t<div class=\"elementor-widget-wrap\">\n\t\t\t\t\t\t\t<\/div>\n\t\t<\/div>\n\t\t\t\t\t<\/div>\n\t\t<\/section>\n\t\t\t\t<\/div>\n\t\t","protected":false},"excerpt":{"rendered":"<p>Wirbels\u00e4ulenbehandlung nach DornBei der Dorn &#8211; Therapie handelt es sich um eine sanfte, aber hocheffiziente Gelenkarbeit der Wirbels\u00e4ule, welche ohne schnelle oder ruckartigen Bewegungen durchgef\u00fchrt wird. DieTherapie erfolgt im Stehen &hellip; <\/p>\n","protected":false},"author":1,"featured_media":0,"parent":0,"menu_order":14,"comment_status":"closed","ping_status":"closed","template":"elementor_header_footer","meta":{"footnotes":""},"class_list":["post-464","page","type-page","status-publish","hentry"],"_links":{"self":[{"href":"https:\/\/wiva-massage.ch\/index.php?rest_route=\/wp\/v2\/pages\/464","targetHints":{"allow":["GET"]}}],"collection":[{"href":"https:\/\/wiva-massage.ch\/index.php?rest_route=\/wp\/v2\/pages"}],"about":[{"href":"https:\/\/wiva-massage.ch\/index.php?rest_route=\/wp\/v2\/types\/page"}],"author":[{"embeddable":true,"href":"https:\/\/wiva-massage.ch\/index.php?rest_route=\/wp\/v2\/users\/1"}],"replies":[{"embeddable":true,"href":"https:\/\/wiva-massage.ch\/index.php?rest_route=%2Fwp%2Fv2%2Fcomments&post=464"}],"version-history":[{"count":65,"href":"https:\/\/wiva-massage.ch\/index.php?rest_route=\/wp\/v2\/pages\/464\/revisions"}],"predecessor-version":[{"id":1974,"href":"https:\/\/wiva-massage.ch\/index.php?rest_route=\/wp\/v2\/pages\/464\/revisions\/1974"}],"wp:attachment":[{"href":"https:\/\/wiva-massage.ch\/index.php?rest_route=%2Fwp%2Fv2%2Fmedia&parent=464"}],"curies":[{"name":"wp","href":"https:\/\/api.w.org\/{rel}","templated":true}]}}