{"id":475,"date":"2023-09-11T13:58:30","date_gmt":"2023-09-11T13:58:30","guid":{"rendered":"https:\/\/wiva-massage.ch\/?page_id=475"},"modified":"2025-11-19T10:34:59","modified_gmt":"2025-11-19T10:34:59","slug":"schroepfen","status":"publish","type":"page","link":"https:\/\/wiva-massage.ch\/?page_id=475","title":{"rendered":"Schr\u00f6pfen"},"content":{"rendered":"\t\t<div data-elementor-type=\"wp-page\" data-elementor-id=\"475\" class=\"elementor elementor-475\">\n\t\t\t\t\t\t<section class=\"elementor-section elementor-top-section elementor-element elementor-element-27c985d elementor-section-boxed elementor-section-height-default elementor-section-height-default\" data-id=\"27c985d\" data-element_type=\"section\">\n\t\t\t\t\t\t<div class=\"elementor-container elementor-column-gap-default\">\n\t\t\t\t\t<div class=\"elementor-column elementor-col-100 elementor-top-column elementor-element elementor-element-f3541e9\" data-id=\"f3541e9\" data-element_type=\"column\">\n\t\t\t<div class=\"elementor-widget-wrap elementor-element-populated\">\n\t\t\t\t\t\t<div class=\"elementor-element elementor-element-33fb1a3 elementor-widget elementor-widget-image\" data-id=\"33fb1a3\" data-element_type=\"widget\" data-widget_type=\"image.default\">\n\t\t\t\t<div class=\"elementor-widget-container\">\n\t\t\t\t\t\t\t\t\t\t\t\t\t\t\t<img decoding=\"async\" src=\"https:\/\/wiva-massage.ch\/wp-content\/uploads\/2023\/09\/canva-schroepfen-1366.png\" title=\"Schr\u00f6pfen\" alt=\"Schr\u00f6pfen\" loading=\"lazy\" \/>\t\t\t\t\t\t\t\t\t\t\t\t\t\t\t<\/div>\n\t\t\t\t<\/div>\n\t\t\t\t<div class=\"elementor-element elementor-element-1fd8375 elementor-widget elementor-widget-spacer\" data-id=\"1fd8375\" data-element_type=\"widget\" data-widget_type=\"spacer.default\">\n\t\t\t\t<div class=\"elementor-widget-container\">\n\t\t\t\t\t\t\t<div class=\"elementor-spacer\">\n\t\t\t<div class=\"elementor-spacer-inner\"><\/div>\n\t\t<\/div>\n\t\t\t\t\t\t<\/div>\n\t\t\t\t<\/div>\n\t\t\t\t\t<\/div>\n\t\t<\/div>\n\t\t\t\t\t<\/div>\n\t\t<\/section>\n\t\t\t\t<section class=\"elementor-section elementor-top-section elementor-element elementor-element-33dfa75 elementor-section-boxed elementor-section-height-default elementor-section-height-default\" data-id=\"33dfa75\" data-element_type=\"section\">\n\t\t\t\t\t\t<div class=\"elementor-container elementor-column-gap-default\">\n\t\t\t\t\t<div class=\"elementor-column elementor-col-100 elementor-top-column elementor-element elementor-element-5217c6e\" data-id=\"5217c6e\" data-element_type=\"column\">\n\t\t\t<div class=\"elementor-widget-wrap elementor-element-populated\">\n\t\t\t\t\t\t<div class=\"elementor-element elementor-element-9f1f91f elementor-widget elementor-widget-text-editor\" data-id=\"9f1f91f\" data-element_type=\"widget\" data-widget_type=\"text-editor.default\">\n\t\t\t\t<div class=\"elementor-widget-container\">\n\t\t\t\t\t\t\t\t\t<p><span style=\"color: #1e1e1e; font-size: 1.0em;\"><strong>Schr\u00f6pfen<\/strong> ist ein traditionsreiches Heilverfahren, das etwa gegen Verspannungen und Schmerzen wirkt. Bei der Anwendung werden Gl\u00e4ser so auf die Haut gesetzt, dass ein Unterdruck entsteht.<br \/>Der Unterdruck in den Schr\u00f6pfgl\u00e4ser entsteht durch das Absaugen der Luft .<br \/>Dadurch str\u00f6mt verst\u00e4rkt Blut in den geschr\u00f6pften Bereich.<br \/><\/span><\/p>\t\t\t\t\t\t\t\t<\/div>\n\t\t\t\t<\/div>\n\t\t\t\t\t<\/div>\n\t\t<\/div>\n\t\t\t\t\t<\/div>\n\t\t<\/section>\n\t\t\t\t<section class=\"elementor-section elementor-top-section elementor-element elementor-element-8fb45b9 elementor-section-boxed elementor-section-height-default elementor-section-height-default\" data-id=\"8fb45b9\" data-element_type=\"section\">\n\t\t\t\t\t\t<div class=\"elementor-container elementor-column-gap-default\">\n\t\t\t\t\t<div class=\"elementor-column elementor-col-50 elementor-top-column elementor-element elementor-element-1343a3a\" data-id=\"1343a3a\" data-element_type=\"column\">\n\t\t\t<div class=\"elementor-widget-wrap elementor-element-populated\">\n\t\t\t\t\t\t<div class=\"elementor-element elementor-element-e58086f elementor-widget elementor-widget-text-editor\" data-id=\"e58086f\" data-element_type=\"widget\" data-widget_type=\"text-editor.default\">\n\t\t\t\t<div class=\"elementor-widget-container\">\n\t\t\t\t\t\t\t\t\t<strong>Anwendung des Schr\u00f6pfens<\/strong>\n<ul>\t\t\n<li>die verbesserte Durchblutung<\/li>\n<li>ein aktiver Lymphfluss<\/li>\n<li>die Entgiftung<\/li>\n<li>die ganzheitliche Erholung<\/li>\n<li>die Energiearbeit<\/li>\n<li>eine innere Ausgeglichenheit<\/li>\n<li>der Stressabbau<\/li>\n<li>die gesunde Verdauung<\/li>\n<li>die Muskelentspannung<\/li>\n<li>der geregelte Stoffwechsel<\/li>\n<li>die Regeneration<\/li>\n<li>die Bek\u00e4mpfung von Narbengewebe<\/li>\n<\/ul>\t\t\t\t\t\t\t\t<\/div>\n\t\t\t\t<\/div>\n\t\t\t\t\t<\/div>\n\t\t<\/div>\n\t\t\t\t<div class=\"elementor-column elementor-col-50 elementor-top-column elementor-element elementor-element-d0e0404\" data-id=\"d0e0404\" data-element_type=\"column\">\n\t\t\t<div class=\"elementor-widget-wrap elementor-element-populated\">\n\t\t\t\t\t\t<div class=\"elementor-element elementor-element-09c5b47 elementor-widget elementor-widget-text-editor\" data-id=\"09c5b47\" data-element_type=\"widget\" data-widget_type=\"text-editor.default\">\n\t\t\t\t<div class=\"elementor-widget-container\">\n\t\t\t\t\t\t\t\t\t<strong>Allgemeine Wirkung<\/strong>\n<ul>\n<li>Durch das Anheben der Haut werden Strukturen gedehnt.<\/li>\n<li>Rezeptoren aktiviert<\/li>\n<li>Zirkulation \u00fcber die Blutgef\u00e4sse verbessern<\/li>\n<li>Verklebungen in Muskeln reduzieren<\/li>\n<li>Stoffaustausch zwischen den Zellen erh\u00f6hen<\/li>\n<li>Durchblutung f\u00f6rdern<\/li>\n<\/ul>\t\t\t\t\t\t\t\t<\/div>\n\t\t\t\t<\/div>\n\t\t\t\t\t<\/div>\n\t\t<\/div>\n\t\t\t\t\t<\/div>\n\t\t<\/section>\n\t\t\t\t<section class=\"elementor-section elementor-top-section elementor-element elementor-element-c5465c4 elementor-section-boxed elementor-section-height-default elementor-section-height-default\" data-id=\"c5465c4\" data-element_type=\"section\">\n\t\t\t\t\t\t<div class=\"elementor-container elementor-column-gap-default\">\n\t\t\t\t\t<div class=\"elementor-column elementor-col-100 elementor-top-column elementor-element elementor-element-25c4798\" data-id=\"25c4798\" data-element_type=\"column\">\n\t\t\t<div class=\"elementor-widget-wrap elementor-element-populated\">\n\t\t\t\t\t\t<div class=\"elementor-element elementor-element-651dc70 elementor-widget elementor-widget-text-editor\" data-id=\"651dc70\" data-element_type=\"widget\" data-widget_type=\"text-editor.default\">\n\t\t\t\t<div class=\"elementor-widget-container\">\n\t\t\t\t\t\t\t\t\t<p><strong>Wann darf das Schr\u00f6pfen nicht angewendet werden<\/strong><span style=\"color: #1e1e1e; font-size: 1.0em;\"><br \/><\/span><\/p><p>Bei der Einnahme von Blutverd\u00fcnnern, erh\u00f6hter Blutungsneigung, akuten Entz\u00fcndungen oder Verletzungen sowie allergischen Ver\u00e4nderungen der Haut, generalisierten \u00d6demen und schweren Herzerkrankungen, nach einer Strahlentherapie, bei Hautver\u00e4nderungen nach einer Kortisonbehandlung und in der Schwangerschaft sollte man auf das Schr\u00f6pfen verzichten.<\/p>\t\t\t\t\t\t\t\t<\/div>\n\t\t\t\t<\/div>\n\t\t\t\t\t<\/div>\n\t\t<\/div>\n\t\t\t\t\t<\/div>\n\t\t<\/section>\n\t\t\t\t<section class=\"elementor-section elementor-top-section elementor-element elementor-element-5b798bc elementor-section-boxed elementor-section-height-default elementor-section-height-default\" data-id=\"5b798bc\" data-element_type=\"section\">\n\t\t\t\t\t\t<div class=\"elementor-container elementor-column-gap-default\">\n\t\t\t\t\t<div class=\"elementor-column elementor-col-100 elementor-top-column elementor-element elementor-element-77839a1\" data-id=\"77839a1\" data-element_type=\"column\">\n\t\t\t<div class=\"elementor-widget-wrap elementor-element-populated\">\n\t\t\t\t\t\t<div class=\"elementor-element elementor-element-bc6c7e6 elementor-widget elementor-widget-text-editor\" data-id=\"bc6c7e6\" data-element_type=\"widget\" data-widget_type=\"text-editor.default\">\n\t\t\t\t<div class=\"elementor-widget-container\">\n\t\t\t\t\t\t\t\t\t<p>Stundenansatz:<\/p>\n<ul>\n<li>CHF 120.- &nbsp; pro 60 Minuten<\/li>\n<\/ul>\t\t\t\t\t\t\t\t<\/div>\n\t\t\t\t<\/div>\n\t\t\t\t\t<\/div>\n\t\t<\/div>\n\t\t\t\t\t<\/div>\n\t\t<\/section>\n\t\t\t\t<section class=\"elementor-section elementor-top-section elementor-element elementor-element-59792ae elementor-section-boxed elementor-section-height-default elementor-section-height-default\" data-id=\"59792ae\" data-element_type=\"section\">\n\t\t\t\t\t\t<div class=\"elementor-container elementor-column-gap-default\">\n\t\t\t\t\t<div class=\"elementor-column elementor-col-100 elementor-top-column elementor-element elementor-element-62c44ba\" data-id=\"62c44ba\" data-element_type=\"column\">\n\t\t\t<div class=\"elementor-widget-wrap elementor-element-populated\">\n\t\t\t\t\t\t<div class=\"elementor-element elementor-element-85e31e7 elementor-widget elementor-widget-heading\" data-id=\"85e31e7\" data-element_type=\"widget\" data-widget_type=\"heading.default\">\n\t\t\t\t<div class=\"elementor-widget-container\">\n\t\t\t\t\t<h4 class=\"elementor-heading-title elementor-size-default\">Bitte beachten Sie, dass ich als diplomierte Berufsmasseurin keine schulmedizinischen Diagnosen erstellen und Arztvisiten anbieten darf.<\/h4>\t\t\t\t<\/div>\n\t\t\t\t<\/div>\n\t\t\t\t\t<\/div>\n\t\t<\/div>\n\t\t\t\t\t<\/div>\n\t\t<\/section>\n\t\t\t\t<section class=\"elementor-section elementor-top-section elementor-element elementor-element-e88a66b elementor-section-boxed elementor-section-height-default elementor-section-height-default\" data-id=\"e88a66b\" data-element_type=\"section\">\n\t\t\t\t\t\t<div class=\"elementor-container elementor-column-gap-default\">\n\t\t\t\t\t<div class=\"elementor-column elementor-col-100 elementor-top-column elementor-element elementor-element-1055a97\" data-id=\"1055a97\" data-element_type=\"column\">\n\t\t\t<div class=\"elementor-widget-wrap\">\n\t\t\t\t\t\t\t<\/div>\n\t\t<\/div>\n\t\t\t\t\t<\/div>\n\t\t<\/section>\n\t\t\t\t<\/div>\n\t\t","protected":false},"excerpt":{"rendered":"<p>Schr\u00f6pfen ist ein traditionsreiches Heilverfahren, das etwa gegen Verspannungen und Schmerzen wirkt. Bei der Anwendung werden Gl\u00e4ser so auf die Haut gesetzt, dass ein Unterdruck entsteht.Der Unterdruck in den Schr\u00f6pfgl\u00e4ser &hellip; <\/p>\n","protected":false},"author":1,"featured_media":0,"parent":0,"menu_order":15,"comment_status":"closed","ping_status":"closed","template":"elementor_header_footer","meta":{"footnotes":""},"class_list":["post-475","page","type-page","status-publish","hentry"],"_links":{"self":[{"href":"https:\/\/wiva-massage.ch\/index.php?rest_route=\/wp\/v2\/pages\/475","targetHints":{"allow":["GET"]}}],"collection":[{"href":"https:\/\/wiva-massage.ch\/index.php?rest_route=\/wp\/v2\/pages"}],"about":[{"href":"https:\/\/wiva-massage.ch\/index.php?rest_route=\/wp\/v2\/types\/page"}],"author":[{"embeddable":true,"href":"https:\/\/wiva-massage.ch\/index.php?rest_route=\/wp\/v2\/users\/1"}],"replies":[{"embeddable":true,"href":"https:\/\/wiva-massage.ch\/index.php?rest_route=%2Fwp%2Fv2%2Fcomments&post=475"}],"version-history":[{"count":83,"href":"https:\/\/wiva-massage.ch\/index.php?rest_route=\/wp\/v2\/pages\/475\/revisions"}],"predecessor-version":[{"id":1977,"href":"https:\/\/wiva-massage.ch\/index.php?rest_route=\/wp\/v2\/pages\/475\/revisions\/1977"}],"wp:attachment":[{"href":"https:\/\/wiva-massage.ch\/index.php?rest_route=%2Fwp%2Fv2%2Fmedia&parent=475"}],"curies":[{"name":"wp","href":"https:\/\/api.w.org\/{rel}","templated":true}]}}